{"id":156,"date":"2019-05-30T22:35:02","date_gmt":"2019-05-30T20:35:02","guid":{"rendered":"http:\/\/mission6rius.fr\/?page_id=156"},"modified":"2025-09-13T13:12:08","modified_gmt":"2025-09-13T11:12:08","slug":"6rius-project-a","status":"publish","type":"page","link":"https:\/\/www.mission6rius.fr\/index.php\/6rius-project-a\/","title":{"rendered":"6Rius Project A"},"content":{"rendered":"\n<h3 class=\"wp-block-heading\">\u201cEmbarquez vers la face cach\u00e9e des \u00e9toiles\u201d<\/h3>\n\n\n\n<p>Cr\u00e9ation originale. <\/p>\n\n\n\n<p>Drap\u00e9e de sa robe astrale une Plume lunaire, accompagn\u00e9e de son astromusiconaute orange au poste de commande d\u2019un vaisseau pour vous embarquer vers la face cach\u00e9e des astres. Un voyage au centre des constellations.<\/p>\n","protected":false},"excerpt":{"rendered":"<p>\u201cEmbarquez vers la face cach\u00e9e des \u00e9toiles\u201d Cr\u00e9ation originale. Drap\u00e9e de sa robe astrale une Plume lunaire, accompagn\u00e9e de son astromusiconaute orange au poste de commande<span class=\"excerpt-hellip\"> [\u2026]<\/span><\/p>\n","protected":false},"author":1,"featured_media":548,"parent":0,"menu_order":0,"comment_status":"closed","ping_status":"closed","template":"","meta":{"ngg_post_thumbnail":0,"footnotes":""},"class_list":["post-156","page","type-page","status-publish","has-post-thumbnail","hentry"],"yoast_head":"<!-- This site is optimized with the Yoast SEO plugin v19.1 - https:\/\/yoast.com\/wordpress\/plugins\/seo\/ -->\n<title>6Rius Project A - Mission 6Rius<\/title>\n<meta name=\"description\" content=\"Ataraxie : un spectacle intersid\u00e9ral, plongeant le public dans l&#039;immensit\u00e9 des astres, \u00e0 la d\u00e9couverte de leurs faces cach\u00e9es, afin d&#039;explorer les propres non-dits de tout \u00eatre humain ...\" \/>\n<meta name=\"robots\" content=\"index, follow, max-snippet:-1, max-image-preview:large, max-video-preview:-1\" \/>\n<link rel=\"canonical\" href=\"https:\/\/www.mission6rius.fr\/index.php\/6rius-project-a\/\" \/>\n<meta property=\"og:locale\" content=\"fr_FR\" \/>\n<meta property=\"og:type\" content=\"article\" \/>\n<meta property=\"og:title\" content=\"6Rius Project A - Mission 6Rius\" \/>\n<meta property=\"og:description\" content=\"Ataraxie : un spectacle intersid\u00e9ral, plongeant le public dans l&#039;immensit\u00e9 des astres, \u00e0 la d\u00e9couverte de leurs faces cach\u00e9es, afin d&#039;explorer les propres non-dits de tout \u00eatre humain ...\" \/>\n<meta property=\"og:url\" content=\"https:\/\/www.mission6rius.fr\/index.php\/6rius-project-a\/\" \/>\n<meta property=\"og:site_name\" content=\"Mission 6Rius\" \/>\n<meta property=\"article:publisher\" content=\"https:\/\/www.facebook.com\/mission6rius\" \/>\n<meta property=\"article:modified_time\" content=\"2025-09-13T11:12:08+00:00\" \/>\n<meta property=\"og:image\" content=\"https:\/\/www.mission6rius.fr\/wp-content\/uploads\/2019\/06\/IMG_20190418_111616-e1559733698585.jpg\" \/>\n\t<meta property=\"og:image:width\" content=\"750\" \/>\n\t<meta property=\"og:image:height\" content=\"837\" \/>\n\t<meta property=\"og:image:type\" content=\"image\/jpeg\" \/>\n<meta name=\"twitter:card\" content=\"summary_large_image\" \/>\n<meta name=\"twitter:label1\" content=\"Dur\u00e9e de lecture estim\u00e9e\" \/>\n\t<meta name=\"twitter:data1\" content=\"1 minute\" \/>\n<script type=\"application\/ld+json\" class=\"yoast-schema-graph\">{\"@context\":\"https:\/\/schema.org\",\"@graph\":[{\"@type\":\"Organization\",\"@id\":\"https:\/\/www.mission6rius.fr\/#organization\",\"name\":\"Mission 6Rius\",\"url\":\"https:\/\/www.mission6rius.fr\/\",\"sameAs\":[\"https:\/\/www.instagram.com\/mission6rius\/\",\"https:\/\/www.youtube.com\/channel\/UCHFBX6TCokAXu0sbMB0ETsQ?view_as=subscriber\",\"https:\/\/www.facebook.com\/mission6rius\"],\"logo\":{\"@type\":\"ImageObject\",\"inLanguage\":\"fr-FR\",\"@id\":\"https:\/\/www.mission6rius.fr\/#\/schema\/logo\/image\/\",\"url\":\"https:\/\/www.mission6rius.fr\/wp-content\/uploads\/2019\/06\/Badge-6Rius-2.png\",\"contentUrl\":\"https:\/\/www.mission6rius.fr\/wp-content\/uploads\/2019\/06\/Badge-6Rius-2.png\",\"width\":601,\"height\":595,\"caption\":\"Mission 6Rius\"},\"image\":{\"@id\":\"https:\/\/www.mission6rius.fr\/#\/schema\/logo\/image\/\"}},{\"@type\":\"WebSite\",\"@id\":\"https:\/\/www.mission6rius.fr\/#website\",\"url\":\"https:\/\/www.mission6rius.fr\/\",\"name\":\"Mission 6Rius\",\"description\":\"Trio Electro-Pop\",\"publisher\":{\"@id\":\"https:\/\/www.mission6rius.fr\/#organization\"},\"potentialAction\":[{\"@type\":\"SearchAction\",\"target\":{\"@type\":\"EntryPoint\",\"urlTemplate\":\"https:\/\/www.mission6rius.fr\/?s={search_term_string}\"},\"query-input\":\"required name=search_term_string\"}],\"inLanguage\":\"fr-FR\"},{\"@type\":\"ImageObject\",\"inLanguage\":\"fr-FR\",\"@id\":\"https:\/\/www.mission6rius.fr\/index.php\/6rius-project-a\/#primaryimage\",\"url\":\"https:\/\/www.mission6rius.fr\/wp-content\/uploads\/2019\/06\/IMG_20190418_111616-e1559733698585.jpg\",\"contentUrl\":\"https:\/\/www.mission6rius.fr\/wp-content\/uploads\/2019\/06\/IMG_20190418_111616-e1559733698585.jpg\",\"width\":750,\"height\":837,\"caption\":\"Tournage Clip\"},{\"@type\":\"WebPage\",\"@id\":\"https:\/\/www.mission6rius.fr\/index.php\/6rius-project-a\/#webpage\",\"url\":\"https:\/\/www.mission6rius.fr\/index.php\/6rius-project-a\/\",\"name\":\"6Rius Project A - Mission 6Rius\",\"isPartOf\":{\"@id\":\"https:\/\/www.mission6rius.fr\/#website\"},\"primaryImageOfPage\":{\"@id\":\"https:\/\/www.mission6rius.fr\/index.php\/6rius-project-a\/#primaryimage\"},\"datePublished\":\"2019-05-30T20:35:02+00:00\",\"dateModified\":\"2025-09-13T11:12:08+00:00\",\"description\":\"Ataraxie : un spectacle intersid\u00e9ral, plongeant le public dans l'immensit\u00e9 des astres, \u00e0 la d\u00e9couverte de leurs faces cach\u00e9es, afin d'explorer les propres non-dits de tout \u00eatre humain ...\",\"breadcrumb\":{\"@id\":\"https:\/\/www.mission6rius.fr\/index.php\/6rius-project-a\/#breadcrumb\"},\"inLanguage\":\"fr-FR\",\"potentialAction\":[{\"@type\":\"ReadAction\",\"target\":[\"https:\/\/www.mission6rius.fr\/index.php\/6rius-project-a\/\"]}]},{\"@type\":\"BreadcrumbList\",\"@id\":\"https:\/\/www.mission6rius.fr\/index.php\/6rius-project-a\/#breadcrumb\",\"itemListElement\":[{\"@type\":\"ListItem\",\"position\":1,\"name\":\"Accueil\",\"item\":\"https:\/\/www.mission6rius.fr\/\"},{\"@type\":\"ListItem\",\"position\":2,\"name\":\"6Rius Project A\"}]}]}<\/script>\n<!-- \/ Yoast SEO plugin. -->","yoast_head_json":{"title":"6Rius Project A - Mission 6Rius","description":"Ataraxie : un spectacle intersid\u00e9ral, plongeant le public dans l'immensit\u00e9 des astres, \u00e0 la d\u00e9couverte de leurs faces cach\u00e9es, afin d'explorer les propres non-dits de tout \u00eatre humain ...","robots":{"index":"index","follow":"follow","max-snippet":"max-snippet:-1","max-image-preview":"max-image-preview:large","max-video-preview":"max-video-preview:-1"},"canonical":"https:\/\/www.mission6rius.fr\/index.php\/6rius-project-a\/","og_locale":"fr_FR","og_type":"article","og_title":"6Rius Project A - Mission 6Rius","og_description":"Ataraxie : un spectacle intersid\u00e9ral, plongeant le public dans l'immensit\u00e9 des astres, \u00e0 la d\u00e9couverte de leurs faces cach\u00e9es, afin d'explorer les propres non-dits de tout \u00eatre humain ...","og_url":"https:\/\/www.mission6rius.fr\/index.php\/6rius-project-a\/","og_site_name":"Mission 6Rius","article_publisher":"https:\/\/www.facebook.com\/mission6rius","article_modified_time":"2025-09-13T11:12:08+00:00","og_image":[{"width":750,"height":837,"url":"https:\/\/www.mission6rius.fr\/wp-content\/uploads\/2019\/06\/IMG_20190418_111616-e1559733698585.jpg","type":"image\/jpeg"}],"twitter_card":"summary_large_image","twitter_misc":{"Dur\u00e9e de lecture estim\u00e9e":"1 minute"},"schema":{"@context":"https:\/\/schema.org","@graph":[{"@type":"Organization","@id":"https:\/\/www.mission6rius.fr\/#organization","name":"Mission 6Rius","url":"https:\/\/www.mission6rius.fr\/","sameAs":["https:\/\/www.instagram.com\/mission6rius\/","https:\/\/www.youtube.com\/channel\/UCHFBX6TCokAXu0sbMB0ETsQ?view_as=subscriber","https:\/\/www.facebook.com\/mission6rius"],"logo":{"@type":"ImageObject","inLanguage":"fr-FR","@id":"https:\/\/www.mission6rius.fr\/#\/schema\/logo\/image\/","url":"https:\/\/www.mission6rius.fr\/wp-content\/uploads\/2019\/06\/Badge-6Rius-2.png","contentUrl":"https:\/\/www.mission6rius.fr\/wp-content\/uploads\/2019\/06\/Badge-6Rius-2.png","width":601,"height":595,"caption":"Mission 6Rius"},"image":{"@id":"https:\/\/www.mission6rius.fr\/#\/schema\/logo\/image\/"}},{"@type":"WebSite","@id":"https:\/\/www.mission6rius.fr\/#website","url":"https:\/\/www.mission6rius.fr\/","name":"Mission 6Rius","description":"Trio Electro-Pop","publisher":{"@id":"https:\/\/www.mission6rius.fr\/#organization"},"potentialAction":[{"@type":"SearchAction","target":{"@type":"EntryPoint","urlTemplate":"https:\/\/www.mission6rius.fr\/?s={search_term_string}"},"query-input":"required name=search_term_string"}],"inLanguage":"fr-FR"},{"@type":"ImageObject","inLanguage":"fr-FR","@id":"https:\/\/www.mission6rius.fr\/index.php\/6rius-project-a\/#primaryimage","url":"https:\/\/www.mission6rius.fr\/wp-content\/uploads\/2019\/06\/IMG_20190418_111616-e1559733698585.jpg","contentUrl":"https:\/\/www.mission6rius.fr\/wp-content\/uploads\/2019\/06\/IMG_20190418_111616-e1559733698585.jpg","width":750,"height":837,"caption":"Tournage Clip"},{"@type":"WebPage","@id":"https:\/\/www.mission6rius.fr\/index.php\/6rius-project-a\/#webpage","url":"https:\/\/www.mission6rius.fr\/index.php\/6rius-project-a\/","name":"6Rius Project A - Mission 6Rius","isPartOf":{"@id":"https:\/\/www.mission6rius.fr\/#website"},"primaryImageOfPage":{"@id":"https:\/\/www.mission6rius.fr\/index.php\/6rius-project-a\/#primaryimage"},"datePublished":"2019-05-30T20:35:02+00:00","dateModified":"2025-09-13T11:12:08+00:00","description":"Ataraxie : un spectacle intersid\u00e9ral, plongeant le public dans l'immensit\u00e9 des astres, \u00e0 la d\u00e9couverte de leurs faces cach\u00e9es, afin d'explorer les propres non-dits de tout \u00eatre humain ...","breadcrumb":{"@id":"https:\/\/www.mission6rius.fr\/index.php\/6rius-project-a\/#breadcrumb"},"inLanguage":"fr-FR","potentialAction":[{"@type":"ReadAction","target":["https:\/\/www.mission6rius.fr\/index.php\/6rius-project-a\/"]}]},{"@type":"BreadcrumbList","@id":"https:\/\/www.mission6rius.fr\/index.php\/6rius-project-a\/#breadcrumb","itemListElement":[{"@type":"ListItem","position":1,"name":"Accueil","item":"https:\/\/www.mission6rius.fr\/"},{"@type":"ListItem","position":2,"name":"6Rius Project A"}]}]}},"_links":{"self":[{"href":"https:\/\/www.mission6rius.fr\/index.php\/wp-json\/wp\/v2\/pages\/156","targetHints":{"allow":["GET"]}}],"collection":[{"href":"https:\/\/www.mission6rius.fr\/index.php\/wp-json\/wp\/v2\/pages"}],"about":[{"href":"https:\/\/www.mission6rius.fr\/index.php\/wp-json\/wp\/v2\/types\/page"}],"author":[{"embeddable":true,"href":"https:\/\/www.mission6rius.fr\/index.php\/wp-json\/wp\/v2\/users\/1"}],"replies":[{"embeddable":true,"href":"https:\/\/www.mission6rius.fr\/index.php\/wp-json\/wp\/v2\/comments?post=156"}],"version-history":[{"count":5,"href":"https:\/\/www.mission6rius.fr\/index.php\/wp-json\/wp\/v2\/pages\/156\/revisions"}],"predecessor-version":[{"id":591,"href":"https:\/\/www.mission6rius.fr\/index.php\/wp-json\/wp\/v2\/pages\/156\/revisions\/591"}],"wp:featuredmedia":[{"embeddable":true,"href":"https:\/\/www.mission6rius.fr\/index.php\/wp-json\/wp\/v2\/media\/548"}],"wp:attachment":[{"href":"https:\/\/www.mission6rius.fr\/index.php\/wp-json\/wp\/v2\/media?parent=156"}],"curies":[{"name":"wp","href":"https:\/\/api.w.org\/{rel}","templated":true}]}}